{"id":8647,"date":"2024-12-06T15:13:53","date_gmt":"2024-12-06T12:13:53","guid":{"rendered":"https:\/\/affectionhairsalon.com\/?page_id=8647"},"modified":"2024-12-06T15:53:36","modified_gmt":"2024-12-06T12:53:36","slug":"%d9%88%d9%8a%d9%84%d8%a7-%d8%a7%d9%84%d9%85%d9%87%d9%86%d9%8a%d9%8a%d9%86","status":"publish","type":"page","link":"https:\/\/affectionhairsalon.com\/ar\/%d9%88%d9%8a%d9%84%d8%a7-%d8%a7%d9%84%d9%85%d9%87%d9%86%d9%8a%d9%8a%d9%86\/","title":{"rendered":"\u0648\u064a\u0644\u0627 \u0627\u0644\u0645\u062d\u062a\u0631\u0641\u064a\u0646"},"content":{"rendered":"<div data-elementor-type=\"wp-page\" data-elementor-id=\"8647\" class=\"elementor elementor-8647\">\n\t\t\t\t\t\t<section class=\"elementor-section elementor-top-section elementor-element elementor-element-ea8acd7 elementor-reverse-tablet elementor-reverse-mobile elementor-section-boxed elementor-section-height-default elementor-section-height-default\" data-id=\"ea8acd7\" data-element_type=\"section\">\n\t\t\t\t\t\t<div class=\"elementor-container elementor-column-gap-default\">\n\t\t\t\t\t<div class=\"elementor-column elementor-col-50 elementor-top-column elementor-element elementor-element-c347cdf elementor-invisible\" data-id=\"c347cdf\" data-element_type=\"column\" data-settings=\"{&quot;animation&quot;:&quot;ova-move-down&quot;,&quot;animation_tablet&quot;:&quot;none&quot;}\">\n\t\t\t<div class=\"elementor-widget-wrap elementor-element-populated\">\n\t\t\t\t\t\t<div class=\"elementor-element elementor-element-5a6f44e elementor-widget elementor-widget-heading\" data-id=\"5a6f44e\" data-element_type=\"widget\" data-widget_type=\"heading.default\">\n\t\t\t\t<div class=\"elementor-widget-container\">\n\t\t\t\t\t<h2 class=\"elementor-heading-title elementor-size-default\">\u0645\u062d\u062a\u0631\u0641\u0648 \u0648\u064a\u0644\u0627 \u0641\u064a \u0635\u0627\u0644\u0648\u0646\u0646\u0627<\/h2>\t\t\t\t<\/div>\n\t\t\t\t<\/div>\n\t\t\t\t<div class=\"elementor-element elementor-element-4b5a613 elementor-widget elementor-widget-text-editor\" data-id=\"4b5a613\" data-element_type=\"widget\" data-widget_type=\"text-editor.default\">\n\t\t\t\t<div class=\"elementor-widget-container\">\n\t\t\t\t\t\t\t\t\t\u0641\u064a \u0635\u0627\u0644\u0648\u0646\u0646\u0627\u060c \u0646\u0642\u062f\u0645 \u0644\u0645\u0633\u0629 \u0627\u062d\u062a\u0631\u0627\u0641\u064a\u0629 \u0644\u0634\u0639\u0631\u0643 \u0645\u0639 \u0645\u0646\u062a\u062c\u0627\u062a Wella Professionals. \u0646\u062d\u0646 \u0646\u0636\u0641\u064a \u0627\u0644\u062d\u064a\u0648\u064a\u0629 \u0648\u0627\u0644\u0644\u0645\u0639\u0627\u0646 \u0639\u0644\u0649 \u0634\u0639\u0631\u0643 \u0645\u0646 \u062e\u0644\u0627\u0644 \u062a\u0631\u0643\u064a\u0628\u0627\u062a \u0648\u064a\u0644\u0627 \u0627\u0644\u0645\u0628\u062a\u0643\u0631\u0629 \u0648\u0639\u0627\u0644\u064a\u0629 \u0627\u0644\u0623\u062f\u0627\u0621 \u0641\u064a \u0639\u0645\u0644\u064a\u0627\u062a \u0627\u0644\u062a\u0644\u0648\u064a\u0646 \u0648\u0627\u0644\u0639\u0646\u0627\u064a\u0629 \u0648\u0627\u0644\u062a\u0635\u0641\u064a\u0641. \u062c\u0631\u0628\u064a \u0641\u0631\u0642 \u0648\u064a\u0644\u0627 \u0644\u0634\u0639\u0631 \u0635\u062d\u064a \u0648\u0645\u062b\u0627\u0644\u064a!\n\t\t\t\t\t\t\t\t<\/div>\n\t\t\t\t<\/div>\n\t\t\t\t<div class=\"elementor-element elementor-element-5beb2ad elementor-icon-list--layout-traditional elementor-list-item-link-full_width elementor-widget elementor-widget-icon-list\" data-id=\"5beb2ad\" data-element_type=\"widget\" data-widget_type=\"icon-list.default\">\n\t\t\t\t<div class=\"elementor-widget-container\">\n\t\t\t\t\t\t\t<ul class=\"elementor-icon-list-items\">\n\t\t\t\t\t\t\t<li class=\"elementor-icon-list-item\">\n\t\t\t\t\t\t\t\t\t\t\t<span class=\"elementor-icon-list-icon\">\n\t\t\t\t\t\t\t<svg aria-hidden=\"true\" class=\"e-font-icon-svg e-fas-check-circle\" viewbox=\"0 0 512 512\" xmlns=\"http:\/\/www.w3.org\/2000\/svg\"><path d=\"M504 256c0 136.967-111.033 248-248 248S8 392.967 8 256 119.033 8 256 8s248 111.033 248 248zM227.314 387.314l184-184c6.248-6.248 6.248-16.379 0-22.627l-22.627-22.627c-6.248-6.249-16.379-6.249-22.628 0L216 308.118l-70.059-70.059c-6.248-6.248-16.379-6.248-22.628 0l-22.627 22.627c-6.248 6.248-6.248 16.379 0 22.627l104 104c6.249 6.249 16.379 6.249 22.628.001z\"><\/path><\/svg>\t\t\t\t\t\t<\/span>\n\t\t\t\t\t\t\t\t\t\t<span class=\"elementor-icon-list-text\">\u062e\u0628\u0631\u0629 \u0641\u064a \u0635\u062d\u0629 \u0627\u0644\u0634\u0639\u0631<\/span>\n\t\t\t\t\t\t\t\t\t<\/li>\n\t\t\t\t\t\t\t\t<li class=\"elementor-icon-list-item\">\n\t\t\t\t\t\t\t\t\t\t\t<span class=\"elementor-icon-list-icon\">\n\t\t\t\t\t\t\t<svg aria-hidden=\"true\" class=\"e-font-icon-svg e-fas-check-circle\" viewbox=\"0 0 512 512\" xmlns=\"http:\/\/www.w3.org\/2000\/svg\"><path d=\"M504 256c0 136.967-111.033 248-248 248S8 392.967 8 256 119.033 8 256 8s248 111.033 248 248zM227.314 387.314l184-184c6.248-6.248 6.248-16.379 0-22.627l-22.627-22.627c-6.248-6.249-16.379-6.249-22.628 0L216 308.118l-70.059-70.059c-6.248-6.248-16.379-6.248-22.628 0l-22.627 22.627c-6.248 6.248-6.248 16.379 0 22.627l104 104c6.249 6.249 16.379 6.249 22.628.001z\"><\/path><\/svg>\t\t\t\t\t\t<\/span>\n\t\t\t\t\t\t\t\t\t\t<span class=\"elementor-icon-list-text\">\u0646\u062a\u0627\u0626\u062c \u0646\u0627\u0628\u0636\u0629 \u0628\u0627\u0644\u062d\u064a\u0627\u0629 \u0648\u0645\u0634\u0631\u0642\u0629<\/span>\n\t\t\t\t\t\t\t\t\t<\/li>\n\t\t\t\t\t\t\t\t<li class=\"elementor-icon-list-item\">\n\t\t\t\t\t\t\t\t\t\t\t<span class=\"elementor-icon-list-icon\">\n\t\t\t\t\t\t\t<svg aria-hidden=\"true\" class=\"e-font-icon-svg e-fas-check-circle\" viewbox=\"0 0 512 512\" xmlns=\"http:\/\/www.w3.org\/2000\/svg\"><path d=\"M504 256c0 136.967-111.033 248-248 248S8 392.967 8 256 119.033 8 256 8s248 111.033 248 248zM227.314 387.314l184-184c6.248-6.248 6.248-16.379 0-22.627l-22.627-22.627c-6.248-6.249-16.379-6.249-22.628 0L216 308.118l-70.059-70.059c-6.248-6.248-16.379-6.248-22.628 0l-22.627 22.627c-6.248 6.248-6.248 16.379 0 22.627l104 104c6.249 6.249 16.379 6.249 22.628.001z\"><\/path><\/svg>\t\t\t\t\t\t<\/span>\n\t\t\t\t\t\t\t\t\t\t<span class=\"elementor-icon-list-text\">\u0627\u0644\u062c\u0648\u062f\u0629 \u0627\u0644\u0645\u0647\u0646\u064a\u0629<\/span>\n\t\t\t\t\t\t\t\t\t<\/li>\n\t\t\t\t\t\t\t\t<li class=\"elementor-icon-list-item\">\n\t\t\t\t\t\t\t\t\t\t\t<span class=\"elementor-icon-list-icon\">\n\t\t\t\t\t\t\t<svg aria-hidden=\"true\" class=\"e-font-icon-svg e-fas-check-circle\" viewbox=\"0 0 512 512\" xmlns=\"http:\/\/www.w3.org\/2000\/svg\"><path d=\"M504 256c0 136.967-111.033 248-248 248S8 392.967 8 256 119.033 8 256 8s248 111.033 248 248zM227.314 387.314l184-184c6.248-6.248 6.248-16.379 0-22.627l-22.627-22.627c-6.248-6.249-16.379-6.249-22.628 0L216 308.118l-70.059-70.059c-6.248-6.248-16.379-6.248-22.628 0l-22.627 22.627c-6.248 6.248-6.248 16.379 0 22.627l104 104c6.249 6.249 16.379 6.249 22.628.001z\"><\/path><\/svg>\t\t\t\t\t\t<\/span>\n\t\t\t\t\t\t\t\t\t\t<span class=\"elementor-icon-list-text\">\u0635\u064a\u063a \u0645\u0628\u062a\u0643\u0631\u0629<\/span>\n\t\t\t\t\t\t\t\t\t<\/li>\n\t\t\t\t\t\t\t\t<li class=\"elementor-icon-list-item\">\n\t\t\t\t\t\t\t\t\t\t\t<span class=\"elementor-icon-list-icon\">\n\t\t\t\t\t\t\t<svg aria-hidden=\"true\" class=\"e-font-icon-svg e-fas-check-circle\" viewbox=\"0 0 512 512\" xmlns=\"http:\/\/www.w3.org\/2000\/svg\"><path d=\"M504 256c0 136.967-111.033 248-248 248S8 392.967 8 256 119.033 8 256 8s248 111.033 248 248zM227.314 387.314l184-184c6.248-6.248 6.248-16.379 0-22.627l-22.627-22.627c-6.248-6.249-16.379-6.249-22.628 0L216 308.118l-70.059-70.059c-6.248-6.248-16.379-6.248-22.628 0l-22.627 22.627c-6.248 6.248-6.248 16.379 0 22.627l104 104c6.249 6.249 16.379 6.249 22.628.001z\"><\/path><\/svg>\t\t\t\t\t\t<\/span>\n\t\t\t\t\t\t\t\t\t\t<span class=\"elementor-icon-list-text\">\u062d\u0645\u0627\u064a\u0629 \u0637\u0648\u064a\u0644\u0629 \u0627\u0644\u0623\u0645\u062f<\/span>\n\t\t\t\t\t\t\t\t\t<\/li>\n\t\t\t\t\t\t<\/ul>\n\t\t\t\t\t\t<\/div>\n\t\t\t\t<\/div>\n\t\t\t\t\t<\/div>\n\t\t<\/div>\n\t\t\t\t<div class=\"elementor-column elementor-col-50 elementor-top-column elementor-element elementor-element-ae51cbf elementor-invisible\" data-id=\"ae51cbf\" data-element_type=\"column\" data-settings=\"{&quot;animation&quot;:&quot;ova-move-down&quot;,&quot;animation_tablet&quot;:&quot;none&quot;}\">\n\t\t\t<div class=\"elementor-widget-wrap elementor-element-populated\">\n\t\t\t\t\t\t<div class=\"elementor-element elementor-element-dcc5165 elementor-widget elementor-widget-image\" data-id=\"dcc5165\" data-element_type=\"widget\" data-widget_type=\"image.default\">\n\t\t\t\t<div class=\"elementor-widget-container\">\n\t\t\t\t\t\t\t\t\t\t\t\t\t\t\t<img fetchpriority=\"high\" decoding=\"async\" width=\"750\" height=\"550\" src=\"https:\/\/affectionhairsalon.com\/wp-content\/uploads\/2024\/12\/wella-professionals-2.png\" class=\"attachment-full size-full wp-image-8650\" alt=\"\u0648\u064a\u0644\u0627 \u0627\u0644\u0645\u0647\u0646\u064a\u064a\u0646\" srcset=\"https:\/\/affectionhairsalon.com\/wp-content\/uploads\/2024\/12\/wella-professionals-2.png 750w, https:\/\/affectionhairsalon.com\/wp-content\/uploads\/2024\/12\/wella-professionals-2-300x220.png 300w, https:\/\/affectionhairsalon.com\/wp-content\/uploads\/2024\/12\/wella-professionals-2-16x12.png 16w, https:\/\/affectionhairsalon.com\/wp-content\/uploads\/2024\/12\/wella-professionals-2-600x440.png 600w\" sizes=\"(max-width: 750px) 100vw, 750px\" title=\"\">\t\t\t\t\t\t\t\t\t\t\t\t\t\t\t<\/div>\n\t\t\t\t<\/div>\n\t\t\t\t\t<\/div>\n\t\t<\/div>\n\t\t\t\t\t<\/div>\n\t\t<\/section>\n\t\t\t\t<section class=\"elementor-section elementor-top-section elementor-element elementor-element-074ea5b elementor-reverse-tablet elementor-reverse-mobile elementor-section-boxed elementor-section-height-default elementor-section-height-default\" data-id=\"074ea5b\" data-element_type=\"section\">\n\t\t\t\t\t\t<div class=\"elementor-container elementor-column-gap-default\">\n\t\t\t\t\t<div class=\"elementor-column elementor-col-50 elementor-top-column elementor-element elementor-element-07159d7 elementor-invisible\" data-id=\"07159d7\" data-element_type=\"column\" data-settings=\"{&quot;animation&quot;:&quot;ova-move-down&quot;,&quot;animation_tablet&quot;:&quot;none&quot;}\">\n\t\t\t<div class=\"elementor-widget-wrap elementor-element-populated\">\n\t\t\t\t\t\t<div class=\"elementor-element elementor-element-41fdc0e elementor-widget elementor-widget-image\" data-id=\"41fdc0e\" data-element_type=\"widget\" data-widget_type=\"image.default\">\n\t\t\t\t<div class=\"elementor-widget-container\">\n\t\t\t\t\t\t\t\t\t\t\t\t\t\t\t<img decoding=\"async\" width=\"750\" height=\"550\" src=\"https:\/\/affectionhairsalon.com\/wp-content\/uploads\/2024\/12\/wella-professionals-3.png\" class=\"attachment-full size-full wp-image-8652\" alt=\"\" srcset=\"https:\/\/affectionhairsalon.com\/wp-content\/uploads\/2024\/12\/wella-professionals-3.png 750w, https:\/\/affectionhairsalon.com\/wp-content\/uploads\/2024\/12\/wella-professionals-3-300x220.png 300w, https:\/\/affectionhairsalon.com\/wp-content\/uploads\/2024\/12\/wella-professionals-3-16x12.png 16w, https:\/\/affectionhairsalon.com\/wp-content\/uploads\/2024\/12\/wella-professionals-3-600x440.png 600w\" sizes=\"(max-width: 750px) 100vw, 750px\" title=\"\">\t\t\t\t\t\t\t\t\t\t\t\t\t\t\t<\/div>\n\t\t\t\t<\/div>\n\t\t\t\t\t<\/div>\n\t\t<\/div>\n\t\t\t\t<div class=\"elementor-column elementor-col-50 elementor-top-column elementor-element elementor-element-7f86ecb elementor-invisible\" data-id=\"7f86ecb\" data-element_type=\"column\" data-settings=\"{&quot;animation&quot;:&quot;ova-move-down&quot;,&quot;animation_tablet&quot;:&quot;none&quot;}\">\n\t\t\t<div class=\"elementor-widget-wrap elementor-element-populated\">\n\t\t\t\t\t\t<div class=\"elementor-element elementor-element-14d9d4d elementor-widget elementor-widget-heading\" data-id=\"14d9d4d\" data-element_type=\"widget\" data-widget_type=\"heading.default\">\n\t\t\t\t<div class=\"elementor-widget-container\">\n\t\t\t\t\t<h3 class=\"elementor-heading-title elementor-size-default\">\u062a\u0639\u0631\u0641 \u0639\u0644\u0649 \u062a\u0631\u0643\u064a\u0628\u0627\u062a \u0648\u064a\u0644\u0627 \u0627\u0644\u0645\u0628\u062a\u0643\u0631\u0629\n\n\n\n\n\n\n\n\n\n<\/h3>\t\t\t\t<\/div>\n\t\t\t\t<\/div>\n\t\t\t\t<div class=\"elementor-element elementor-element-8a531fc elementor-widget elementor-widget-text-editor\" data-id=\"8a531fc\" data-element_type=\"widget\" data-widget_type=\"text-editor.default\">\n\t\t\t\t<div class=\"elementor-widget-container\">\n\t\t\t\t\t\t\t\t\t\u062a\u0642\u062f\u0645 Wella Professionals \u062d\u0644\u0648\u0644\u0627\u064b \u062e\u0627\u0635\u0629 \u0644\u0634\u0639\u0631\u0643 \u0628\u062a\u0631\u0643\u064a\u0628\u0627\u062a\u0647\u0627 \u0627\u0644\u0645\u0628\u062a\u0643\u0631\u0629 \u0627\u0644\u062a\u064a \u062a\u062a\u062c\u0627\u0648\u0632 \u062d\u062f\u0648\u062f \u0627\u0644\u0639\u0646\u0627\u064a\u0629 \u0628\u0627\u0644\u0634\u0639\u0631. \u0628\u0641\u0636\u0644 \u0645\u0646\u062a\u062c\u0627\u062a\u0647\u0627 \u0627\u0644\u0645\u0646\u0627\u0633\u0628\u0629 \u0644\u062c\u0645\u064a\u0639 \u0623\u0646\u0648\u0627\u0639 \u0627\u0644\u0634\u0639\u0631\u060c \u062a\u062d\u0645\u064a Wella \u0627\u0644\u0628\u0646\u064a\u0629 \u0627\u0644\u0637\u0628\u064a\u0639\u064a\u0629 \u0644\u0634\u0639\u0631\u0643 \u0628\u064a\u0646\u0645\u0627 \u062a\u063a\u0630\u064a\u0647 \u0628\u0639\u0645\u0642. \u0628\u0641\u0636\u0644 \u0623\u062f\u0627\u0626\u0647 \u0627\u0644\u0641\u0627\u0626\u0642 \u0641\u064a \u0639\u0645\u0644\u064a\u0627\u062a \u0627\u0644\u062a\u0644\u0648\u064a\u0646 \u0648\u0627\u0644\u0639\u0646\u0627\u064a\u0629\u060c \u0633\u064a\u062d\u0635\u0644 \u0634\u0639\u0631\u0643 \u0639\u0644\u0649 \u0645\u0638\u0647\u0631 \u0635\u062d\u064a \u0648\u062c\u0630\u0627\u0628.\n\n\t\t\t\t\t\t\t\t<\/div>\n\t\t\t\t<\/div>\n\t\t\t\t<div class=\"elementor-element elementor-element-409a6ae elementor-widget elementor-widget-text-editor\" data-id=\"409a6ae\" data-element_type=\"widget\" data-widget_type=\"text-editor.default\">\n\t\t\t\t<div class=\"elementor-widget-container\">\n\t\t\t\t\t\t\t\t\t\u062a\u0648\u0641\u0631 Wella \u0646\u062a\u0627\u0626\u062c \u0627\u062d\u062a\u0631\u0627\u0641\u064a\u0629 \u0641\u064a \u0627\u0644\u0635\u0627\u0644\u0648\u0646\u0627\u062a\u060c \u0643\u0645\u0627 \u062a\u0648\u0641\u0631 \u0633\u0647\u0648\u0644\u0629 \u0627\u0644\u0639\u0646\u0627\u064a\u0629 \u0627\u0644\u0645\u0646\u0632\u0644\u064a\u0629 \u0628\u0645\u0646\u062a\u062c\u0627\u062a\u0647\u0627 \u0630\u0627\u062a \u0627\u0644\u062c\u0648\u062f\u0629 \u0646\u0641\u0633\u0647\u0627. \u0627\u0643\u062a\u0634\u0641\u064a \u0627\u0644\u0641\u0631\u0642 \u0645\u0639 \u0648\u064a\u0644\u0627 \u0644\u0634\u0639\u0631 \u0635\u062d\u064a \u0648\u0642\u0648\u064a!\n\n\n\n\n\n\n\t\t\t\t\t\t\t\t<\/div>\n\t\t\t\t<\/div>\n\t\t\t\t\t<\/div>\n\t\t<\/div>\n\t\t\t\t\t<\/div>\n\t\t<\/section>\n\t\t\t\t<\/div>","protected":false},"excerpt":{"rendered":"<p>Salonumuzda Wella Profesionals Salonumuzda Wella Professionals \u00fcr\u00fcnleriyle sa\u00e7lar\u0131n\u0131za profesyonel bir dokunu\u015f sunuyoruz. Renklendirme, bak\u0131m ve \u015fekillendirme i\u015flemlerinde Wella&#8217;n\u0131n yenilik\u00e7i ve y\u00fcksek performansl\u0131 form\u00fclleriyle sa\u00e7lar\u0131n\u0131za canl\u0131l\u0131k ve parlakl\u0131k kazand\u0131r\u0131yoruz. Sa\u011fl\u0131kl\u0131 ve kusursuz sa\u00e7lar i\u00e7in Wella fark\u0131n\u0131 deneyimleyin! Sa\u00e7 Sa\u011fl\u0131\u011f\u0131nda Uzmanl\u0131k Canl\u0131 ve Parlak Sonu\u00e7lar Profesyonel Kalite Yenilik\u00e7i Form\u00fcller Uzun S\u00fcreli Koruma Wella&#8217;n\u0131n Yenilik\u00e7i Form\u00fclleriyle Tan\u0131\u015f\u0131n Wella [&hellip;]<\/p>","protected":false},"author":1,"featured_media":0,"parent":0,"menu_order":0,"comment_status":"closed","ping_status":"closed","template":"","meta":{"footnotes":""},"class_list":["post-8647","page","type-page","status-publish","hentry"],"_links":{"self":[{"href":"https:\/\/affectionhairsalon.com\/ar\/wp-json\/wp\/v2\/pages\/8647","targetHints":{"allow":["GET"]}}],"collection":[{"href":"https:\/\/affectionhairsalon.com\/ar\/wp-json\/wp\/v2\/pages"}],"about":[{"href":"https:\/\/affectionhairsalon.com\/ar\/wp-json\/wp\/v2\/types\/page"}],"author":[{"embeddable":true,"href":"https:\/\/affectionhairsalon.com\/ar\/wp-json\/wp\/v2\/users\/1"}],"replies":[{"embeddable":true,"href":"https:\/\/affectionhairsalon.com\/ar\/wp-json\/wp\/v2\/comments?post=8647"}],"version-history":[{"count":0,"href":"https:\/\/affectionhairsalon.com\/ar\/wp-json\/wp\/v2\/pages\/8647\/revisions"}],"wp:attachment":[{"href":"https:\/\/affectionhairsalon.com\/ar\/wp-json\/wp\/v2\/media?parent=8647"}],"curies":[{"name":"wp","href":"https:\/\/api.w.org\/{rel}","templated":true}]}}