{"id":7001,"date":"2024-11-13T10:18:59","date_gmt":"2024-11-13T07:18:59","guid":{"rendered":"https:\/\/www.affectionhairsalon.com\/?page_id=7001"},"modified":"2025-02-06T17:00:08","modified_gmt":"2025-02-06T14:00:08","slug":"our-services","status":"publish","type":"page","link":"https:\/\/affectionhairsalon.com\/en\/our-services\/","title":{"rendered":"Our Services"},"content":{"rendered":"<div data-elementor-type=\"wp-page\" data-elementor-id=\"7001\" class=\"elementor elementor-7001\">\n\t\t\t\t\t\t<section class=\"elementor-section elementor-top-section elementor-element elementor-element-c5fd5fa elementor-section-stretched elementor-section-full_width elementor-section-height-default elementor-section-height-default\" data-id=\"c5fd5fa\" data-element_type=\"section\" data-settings=\"{&quot;background_background&quot;:&quot;classic&quot;,&quot;stretch_section&quot;:&quot;section-stretched&quot;}\">\n\t\t\t\t\t\t\t<div class=\"elementor-background-overlay\"><\/div>\n\t\t\t\t\t\t\t<div class=\"elementor-container elementor-column-gap-wide\">\n\t\t\t\t\t<div class=\"elementor-column elementor-col-100 elementor-top-column elementor-element elementor-element-417f1cf\" data-id=\"417f1cf\" data-element_type=\"column\">\n\t\t\t<div class=\"elementor-widget-wrap elementor-element-populated\">\n\t\t\t\t\t\t<section class=\"elementor-section elementor-inner-section elementor-element elementor-element-0e43af1 elementor-section-full_width elementor-section-height-default elementor-section-height-default\" data-id=\"0e43af1\" data-element_type=\"section\">\n\t\t\t\t\t\t<div class=\"elementor-container elementor-column-gap-extended\">\n\t\t\t\t\t<div class=\"elementor-column elementor-col-50 elementor-inner-column elementor-element elementor-element-8dacf18\" data-id=\"8dacf18\" data-element_type=\"column\">\n\t\t\t<div class=\"elementor-widget-wrap elementor-element-populated\">\n\t\t\t\t\t\t<div class=\"elementor-element elementor-element-41141b8 elementor-widget elementor-widget-mellis_elementor_price_list\" data-id=\"41141b8\" data-element_type=\"widget\" data-widget_type=\"mellis_elementor_price_list.default\">\n\t\t\t\t<div class=\"elementor-widget-container\">\n\t\t\t\t\t\n\t\t \t<div class=\"ova-price-list\">\n                \n                \t\t\t\t\t<h3 class=\"heading\">\n\t\t\t\t\t\tWomen&#039;s Hair Department\t\t\t\t\t<\/h3>\n\t\t\t\t\n\t\t \t\t                \n                \n\t\t\t\t    <div class=\"item-price-list\">\n\n\t                    <div class=\"title-time\">\n\t                    \t\t\t\t\t\t\t\t\t<h4 class=\"title\">\n\t\t\t\t\t\t\t\t\tHaircut\t\t\t\t\t\t\t\t<\/h4>\n\t\t\t\t\t\t\t\t\t\t\t \t\t\t\t\t\t\t \t\t<\/div>\n\n\t\t\t\t \t\t<div class=\"price-wrapper\">\n\t\t\t\t\t\t\t\t\t\t\t\t\t\t\t<span class=\"price\">\n\t\t\t\t\t\t\t\t\t800 TL\t\t\t\t\t\t\t\t<\/span>\n\t\t\t\t\t\t\t  \n\t\t\t\t \t\t<\/div>\n\n\t\t\t\t \t\t\t\n\n\t                <\/div>\n\n\t                \n\t                            \n                \n\t\t\t\t    <div class=\"item-price-list\">\n\n\t                    <div class=\"title-time\">\n\t                    \t\t\t\t\t\t\t\t\t<h4 class=\"title\">\n\t\t\t\t\t\t\t\t\tHair Coloring \/ Lightening\t\t\t\t\t\t\t\t<\/h4>\n\t\t\t\t\t\t\t\t\t\t\t \t\t\t\t\t\t\t \t\t<\/div>\n\n\t\t\t\t \t\t<div class=\"price-wrapper\">\n\t\t\t\t\t\t\t\t\t\t\t\t\t\t\t<span class=\"price\">\n\t\t\t\t\t\t\t\t\t4000 TL\t\t\t\t\t\t\t\t<\/span>\n\t\t\t\t\t\t\t  \n\t\t\t\t \t\t<\/div>\n\n\t\t\t\t \t\t\t\n\n\t                <\/div>\n\n\t                \n\t                            \n                \n\t\t\t\t    <div class=\"item-price-list\">\n\n\t                    <div class=\"title-time\">\n\t                    \t\t\t\t\t\t\t\t\t<h4 class=\"title\">\n\t\t\t\t\t\t\t\t\tKeratin Bak\u0131m\t\t\t\t\t\t\t\t<\/h4>\n\t\t\t\t\t\t\t\t\t\t\t \t\t\t\t\t\t\t \t\t<\/div>\n\n\t\t\t\t \t\t<div class=\"price-wrapper\">\n\t\t\t\t\t\t\t\t\t\t\t\t\t\t\t<span class=\"price\">\n\t\t\t\t\t\t\t\t\t2000 TL\t\t\t\t\t\t\t\t<\/span>\n\t\t\t\t\t\t\t  \n\t\t\t\t \t\t<\/div>\n\n\t\t\t\t \t\t\t\n\n\t                <\/div>\n\n\t                \n\t                            \n                \n\t\t\t\t    <div class=\"item-price-list\">\n\n\t                    <div class=\"title-time\">\n\t                    \t\t\t\t\t\t\t\t\t<h4 class=\"title\">\n\t\t\t\t\t\t\t\t\tOmbre\t\t\t\t\t\t\t\t<\/h4>\n\t\t\t\t\t\t\t\t\t\t\t \t\t\t\t\t\t\t \t\t<\/div>\n\n\t\t\t\t \t\t<div class=\"price-wrapper\">\n\t\t\t\t\t\t\t\t\t\t\t\t\t\t\t<span class=\"price\">\n\t\t\t\t\t\t\t\t\t5000 - 6000 TL\t\t\t\t\t\t\t\t<\/span>\n\t\t\t\t\t\t\t  \n\t\t\t\t \t\t<\/div>\n\n\t\t\t\t \t\t\t\n\n\t                <\/div>\n\n\t                \n\t                            \n                \n\t\t\t\t    <div class=\"item-price-list\">\n\n\t                    <div class=\"title-time\">\n\t                    \t\t\t\t\t\t\t\t\t<h4 class=\"title\">\n\t\t\t\t\t\t\t\t\tKnob\t\t\t\t\t\t\t\t<\/h4>\n\t\t\t\t\t\t\t\t\t\t\t \t\t\t\t\t\t\t \t\t<\/div>\n\n\t\t\t\t \t\t<div class=\"price-wrapper\">\n\t\t\t\t\t\t\t\t\t\t\t\t\t\t\t<span class=\"price\">\n\t\t\t\t\t\t\t\t\t900 TL\t\t\t\t\t\t\t\t<\/span>\n\t\t\t\t\t\t\t  \n\t\t\t\t \t\t<\/div>\n\n\t\t\t\t \t\t\t\n\n\t                <\/div>\n\n\t                \n\t                            \n                \n\t\t\t\t    <div class=\"item-price-list\">\n\n\t                    <div class=\"title-time\">\n\t                    \t\t\t\t\t\t\t\t\t<h4 class=\"title\">\n\t\t\t\t\t\t\t\t\tMasha\t\t\t\t\t\t\t\t<\/h4>\n\t\t\t\t\t\t\t\t\t\t\t \t\t\t\t\t\t\t \t\t<\/div>\n\n\t\t\t\t \t\t<div class=\"price-wrapper\">\n\t\t\t\t\t\t\t\t\t\t\t\t\t\t\t<span class=\"price\">\n\t\t\t\t\t\t\t\t\t900 TL\t\t\t\t\t\t\t\t<\/span>\n\t\t\t\t\t\t\t  \n\t\t\t\t \t\t<\/div>\n\n\t\t\t\t \t\t\t\n\n\t                <\/div>\n\n\t                \n\t                            \n                \n\t\t\t\t    <div class=\"item-price-list\">\n\n\t                    <div class=\"title-time\">\n\t                    \t\t\t\t\t\t\t\t\t<h4 class=\"title\">\n\t\t\t\t\t\t\t\t\tBlow-dry\t\t\t\t\t\t\t\t<\/h4>\n\t\t\t\t\t\t\t\t\t\t\t \t\t\t\t\t\t\t \t\t<\/div>\n\n\t\t\t\t \t\t<div class=\"price-wrapper\">\n\t\t\t\t\t\t\t\t\t\t\t\t\t\t\t<span class=\"price\">\n\t\t\t\t\t\t\t\t\t400 TL\t\t\t\t\t\t\t\t<\/span>\n\t\t\t\t\t\t\t  \n\t\t\t\t \t\t<\/div>\n\n\t\t\t\t \t\t\t\n\n\t                <\/div>\n\n\t                \n\t                            \n                \n\t\t\t\t    <div class=\"item-price-list\">\n\n\t                    <div class=\"title-time\">\n\t                    \t\t\t\t\t\t\t\t\t<h4 class=\"title\">\n\t\t\t\t\t\t\t\t\tKirpik Takma\t\t\t\t\t\t\t\t<\/h4>\n\t\t\t\t\t\t\t\t\t\t\t \t\t\t\t\t\t\t \t\t<\/div>\n\n\t\t\t\t \t\t<div class=\"price-wrapper\">\n\t\t\t\t\t\t\t\t\t\t\t\t\t\t\t<span class=\"price\">\n\t\t\t\t\t\t\t\t\t400 TL\t\t\t\t\t\t\t\t<\/span>\n\t\t\t\t\t\t\t  \n\t\t\t\t \t\t<\/div>\n\n\t\t\t\t \t\t\t\n\n\t                <\/div>\n\n\t                \n\t                            \n                \n\t\t\t\t    <div class=\"item-price-list\">\n\n\t                    <div class=\"title-time\">\n\t                    \t\t\t\t\t\t\t\t\t<h4 class=\"title\">\n\t\t\t\t\t\t\t\t\tKal\u0131c\u0131 Oje\t\t\t\t\t\t\t\t<\/h4>\n\t\t\t\t\t\t\t\t\t\t\t \t\t\t\t\t\t\t \t\t<\/div>\n\n\t\t\t\t \t\t<div class=\"price-wrapper\">\n\t\t\t\t\t\t\t\t\t\t\t\t\t\t\t<span class=\"price\">\n\t\t\t\t\t\t\t\t\t500 TL\t\t\t\t\t\t\t\t<\/span>\n\t\t\t\t\t\t\t  \n\t\t\t\t \t\t<\/div>\n\n\t\t\t\t \t\t\t\n\n\t                <\/div>\n\n\t                \n\t                            \n                \n\t\t\t\t    <div class=\"item-price-list\">\n\n\t                    <div class=\"title-time\">\n\t                    \t\t\t\t\t\t\t\t\t<h4 class=\"title\">\n\t\t\t\t\t\t\t\t\t\u00d6zel Majyaj\t\t\t\t\t\t\t\t<\/h4>\n\t\t\t\t\t\t\t\t\t\t\t \t\t\t\t\t\t\t \t\t<\/div>\n\n\t\t\t\t \t\t<div class=\"price-wrapper\">\n\t\t\t\t\t\t\t\t\t\t\t\t\t\t\t<span class=\"price\">\n\t\t\t\t\t\t\t\t\t2500 TL\t\t\t\t\t\t\t\t<\/span>\n\t\t\t\t\t\t\t  \n\t\t\t\t \t\t<\/div>\n\n\t\t\t\t \t\t\t\n\n\t                <\/div>\n\n\t                \n\t            \n\t\t    <\/div>\n\n\t\t\t\t\t\t<\/div>\n\t\t\t\t<\/div>\n\t\t\t\t<div class=\"elementor-element elementor-element-c8a22a8 elementor-align-left elementor-hidden-tablet elementor-hidden-mobile elementor-widget elementor-widget-button\" data-id=\"c8a22a8\" data-element_type=\"widget\" data-widget_type=\"button.default\">\n\t\t\t\t<div class=\"elementor-widget-container\">\n\t\t\t\t\t\t\t\t\t<div class=\"elementor-button-wrapper\">\n\t\t\t\t\t<a class=\"elementor-button elementor-button-link elementor-size-sm\" href=\"https:\/\/onlineguzellik.com\/affection-hair-salon\/tarabya\/randevu-al\" target=\"_blank\" rel=\"noopener\">\n\t\t\t\t\t\t<span class=\"elementor-button-content-wrapper\">\n\t\t\t\t\t\t\t\t\t<span class=\"elementor-button-text\">All Services &amp; Prices<\/span>\n\t\t\t\t\t<\/span>\n\t\t\t\t\t<\/a>\n\t\t\t\t<\/div>\n\t\t\t\t\t\t\t\t<\/div>\n\t\t\t\t<\/div>\n\t\t\t\t\t<\/div>\n\t\t<\/div>\n\t\t\t\t<div class=\"elementor-column elementor-col-50 elementor-inner-column elementor-element elementor-element-55dabd3\" data-id=\"55dabd3\" data-element_type=\"column\">\n\t\t\t<div class=\"elementor-widget-wrap elementor-element-populated\">\n\t\t\t\t\t\t<div class=\"elementor-element elementor-element-d8ef3f9 elementor-widget elementor-widget-mellis_elementor_price_list\" data-id=\"d8ef3f9\" data-element_type=\"widget\" data-widget_type=\"mellis_elementor_price_list.default\">\n\t\t\t\t<div class=\"elementor-widget-container\">\n\t\t\t\t\t\n\t\t \t<div class=\"ova-price-list\">\n                \n                \t\t\t\t\t<h3 class=\"heading\">\n\t\t\t\t\t\tMen&#039;s Hair Department\t\t\t\t\t<\/h3>\n\t\t\t\t\n\t\t \t\t                \n                \n\t\t\t\t    <div class=\"item-price-list\">\n\n\t                    <div class=\"title-time\">\n\t                    \t\t\t\t\t\t\t\t\t<h4 class=\"title\">\n\t\t\t\t\t\t\t\t\tHair Care\t\t\t\t\t\t\t\t<\/h4>\n\t\t\t\t\t\t\t\t\t\t\t \t\t\t\t\t\t\t \t\t<\/div>\n\n\t\t\t\t \t\t<div class=\"price-wrapper\">\n\t\t\t\t\t\t\t\t\t\t\t\t\t\t\t<span class=\"price\">\n\t\t\t\t\t\t\t\t\t1000 TL\t\t\t\t\t\t\t\t<\/span>\n\t\t\t\t\t\t\t  \n\t\t\t\t \t\t<\/div>\n\n\t\t\t\t \t\t\t\n\n\t                <\/div>\n\n\t                \n\t                            \n                \n\t\t\t\t    <div class=\"item-price-list\">\n\n\t                    <div class=\"title-time\">\n\t                    \t\t\t\t\t\t\t\t\t<h4 class=\"title\">\n\t\t\t\t\t\t\t\t\tHair Coloring\t\t\t\t\t\t\t\t<\/h4>\n\t\t\t\t\t\t\t\t\t\t\t \t\t\t\t\t\t\t \t\t<\/div>\n\n\t\t\t\t \t\t<div class=\"price-wrapper\">\n\t\t\t\t\t\t\t\t\t\t\t\t\t\t\t<span class=\"price\">\n\t\t\t\t\t\t\t\t\t600 TL\t\t\t\t\t\t\t\t<\/span>\n\t\t\t\t\t\t\t  \n\t\t\t\t \t\t<\/div>\n\n\t\t\t\t \t\t\t\n\n\t                <\/div>\n\n\t                \n\t                            \n                \n\t\t\t\t    <div class=\"item-price-list\">\n\n\t                    <div class=\"title-time\">\n\t                    \t\t\t\t\t\t\t\t\t<h4 class=\"title\">\n\t\t\t\t\t\t\t\t\tHaircut\t\t\t\t\t\t\t\t<\/h4>\n\t\t\t\t\t\t\t\t\t\t\t \t\t\t\t\t\t\t \t\t<\/div>\n\n\t\t\t\t \t\t<div class=\"price-wrapper\">\n\t\t\t\t\t\t\t\t\t\t\t\t\t\t\t<span class=\"price\">\n\t\t\t\t\t\t\t\t\t600 TL\t\t\t\t\t\t\t\t<\/span>\n\t\t\t\t\t\t\t  \n\t\t\t\t \t\t<\/div>\n\n\t\t\t\t \t\t\t\n\n\t                <\/div>\n\n\t                \n\t                            \n                \n\t\t\t\t    <div class=\"item-price-list\">\n\n\t                    <div class=\"title-time\">\n\t                    \t\t\t\t\t\t\t\t\t<h4 class=\"title\">\n\t\t\t\t\t\t\t\t\tBlow-dry\t\t\t\t\t\t\t\t<\/h4>\n\t\t\t\t\t\t\t\t\t\t\t \t\t\t\t\t\t\t \t\t<\/div>\n\n\t\t\t\t \t\t<div class=\"price-wrapper\">\n\t\t\t\t\t\t\t\t\t\t\t\t\t\t\t<span class=\"price\">\n\t\t\t\t\t\t\t\t\t400 TL\t\t\t\t\t\t\t\t<\/span>\n\t\t\t\t\t\t\t  \n\t\t\t\t \t\t<\/div>\n\n\t\t\t\t \t\t\t\n\n\t                <\/div>\n\n\t                \n\t                            \n                \n\t\t\t\t    <div class=\"item-price-list\">\n\n\t                    <div class=\"title-time\">\n\t                    \t\t\t\t\t\t\t\t\t<h4 class=\"title\">\n\t\t\t\t\t\t\t\t\tChildren&#039;s Haircut\n\t\t\t\t\t\t\t\t<\/h4>\n\t\t\t\t\t\t\t\t\t\t\t \t\t\t\t\t\t\t \t\t<\/div>\n\n\t\t\t\t \t\t<div class=\"price-wrapper\">\n\t\t\t\t\t\t\t\t\t\t\t\t\t\t\t<span class=\"price\">\n\t\t\t\t\t\t\t\t\t500 TL\t\t\t\t\t\t\t\t<\/span>\n\t\t\t\t\t\t\t  \n\t\t\t\t \t\t<\/div>\n\n\t\t\t\t \t\t\t\n\n\t                <\/div>\n\n\t                \n\t            \n\t\t    <\/div>\n\n\t\t\t\t\t\t<\/div>\n\t\t\t\t<\/div>\n\t\t\t\t<div class=\"elementor-element elementor-element-fdc1a28 diger-hizmetler elementor-widget elementor-widget-mellis_elementor_price_list\" data-id=\"fdc1a28\" data-element_type=\"widget\" data-widget_type=\"mellis_elementor_price_list.default\">\n\t\t\t\t<div class=\"elementor-widget-container\">\n\t\t\t\t\t\n\t\t \t<div class=\"ova-price-list\">\n                \n                \t\t\t\t\t<h3 class=\"heading\">\n\t\t\t\t\t\tOur Other Services\t\t\t\t\t<\/h3>\n\t\t\t\t\n\t\t \t\t                \n                \n\t\t\t\t    <div class=\"item-price-list\">\n\n\t                    <div class=\"title-time\">\n\t                    \t\t\t\t\t\t\t\t\t<h4 class=\"title\">\n\t\t\t\t\t\t\t\t\tMakeup &amp; Face Department\t\t\t\t\t\t\t\t<\/h4>\n\t\t\t\t\t\t\t\t\t\t\t \t\t\t\t\t\t\t            \t<span class=\"time\">Make-up &amp; Face Department<\/span>\n\t\t\t\t          \t\t\t\t\t \t\t<\/div>\n\n\t\t\t\t \t\t<div class=\"price-wrapper\">\n\t\t\t\t\t\t\t  \n\t\t\t\t \t\t<\/div>\n\n\t\t\t\t \t\t\t\n\n\t                <\/div>\n\n\t                \n\t                            \n                \n\t\t\t\t    <div class=\"item-price-list\">\n\n\t                    <div class=\"title-time\">\n\t                    \t\t\t\t\t\t\t\t\t<h4 class=\"title\">\n\t\t\t\t\t\t\t\t\tHand &amp; Foot Section\t\t\t\t\t\t\t\t<\/h4>\n\t\t\t\t\t\t\t\t\t\t\t \t\t\t\t\t\t\t            \t<span class=\"time\"> Hand &amp; Foot Section<\/span>\n\t\t\t\t          \t\t\t\t\t \t\t<\/div>\n\n\t\t\t\t \t\t<div class=\"price-wrapper\">\n\t\t\t\t\t\t\t  \n\t\t\t\t \t\t<\/div>\n\n\t\t\t\t \t\t\t\n\n\t                <\/div>\n\n\t                \n\t                            \n                \n\t\t\t\t    <div class=\"item-price-list\">\n\n\t                    <div class=\"title-time\">\n\t                    \t\t\t\t\t\t\t\t\t<h4 class=\"title\">\n\t\t\t\t\t\t\t\t\tSkin Care\t\t\t\t\t\t\t\t<\/h4>\n\t\t\t\t\t\t\t\t\t\t\t \t\t\t\t\t\t\t            \t<span class=\"time\">Skin Care<\/span>\n\t\t\t\t          \t\t\t\t\t \t\t<\/div>\n\n\t\t\t\t \t\t<div class=\"price-wrapper\">\n\t\t\t\t\t\t\t  \n\t\t\t\t \t\t<\/div>\n\n\t\t\t\t \t\t\t\n\n\t                <\/div>\n\n\t                \n\t                            \n                \n\t\t\t\t    <div class=\"item-price-list\">\n\n\t                    <div class=\"title-time\">\n\t                    \t\t\t\t\t\t\t\t\t<h4 class=\"title\">\n\t\t\t\t\t\t\t\t\tWaxing Department\t\t\t\t\t\t\t\t<\/h4>\n\t\t\t\t\t\t\t\t\t\t\t \t\t\t\t\t\t\t            \t<span class=\"time\">Waxing Department<\/span>\n\t\t\t\t          \t\t\t\t\t \t\t<\/div>\n\n\t\t\t\t \t\t<div class=\"price-wrapper\">\n\t\t\t\t\t\t\t  \n\t\t\t\t \t\t<\/div>\n\n\t\t\t\t \t\t\t\n\n\t                <\/div>\n\n\t                \n\t                            \n                \n\t\t\t\t    <div class=\"item-price-list\">\n\n\t                    <div class=\"title-time\">\n\t                    \t\t\t\t\t\t\t\t\t<h4 class=\"title\">\n\t\t\t\t\t\t\t\t\tWedding &amp; Engagement Packages\t\t\t\t\t\t\t\t<\/h4>\n\t\t\t\t\t\t\t\t\t\t\t \t\t\t\t\t\t\t            \t<span class=\"time\">Wedding &amp; Engagement Packages<\/span>\n\t\t\t\t          \t\t\t\t\t \t\t<\/div>\n\n\t\t\t\t \t\t<div class=\"price-wrapper\">\n\t\t\t\t\t\t\t  \n\t\t\t\t \t\t<\/div>\n\n\t\t\t\t \t\t\t\n\n\t                <\/div>\n\n\t                \n\t            \n\t\t    <\/div>\n\n\t\t\t\t\t\t<\/div>\n\t\t\t\t<\/div>\n\t\t\t\t\t<\/div>\n\t\t<\/div>\n\t\t\t\t\t<\/div>\n\t\t<\/section>\n\t\t\t\t\t<\/div>\n\t\t<\/div>\n\t\t\t\t\t<\/div>\n\t\t<\/section>\n\t\t<div class=\"elementor-element elementor-element-3e5710f e-flex e-con-boxed e-con e-parent\" data-id=\"3e5710f\" data-element_type=\"container\">\n\t\t\t\t\t<div class=\"e-con-inner\">\n\t\t\t\t<div class=\"elementor-element elementor-element-079a4ae elementor-align-left elementor-mobile-align-center elementor-hidden-desktop elementor-widget elementor-widget-button\" data-id=\"079a4ae\" data-element_type=\"widget\" data-widget_type=\"button.default\">\n\t\t\t\t<div class=\"elementor-widget-container\">\n\t\t\t\t\t\t\t\t\t<div class=\"elementor-button-wrapper\">\n\t\t\t\t\t<a class=\"elementor-button elementor-button-link elementor-size-sm\" href=\"https:\/\/onlineguzellik.com\/affection-hair-salon\/vadi-istanbul\/randevu-al\" target=\"_blank\" rel=\"noopener\">\n\t\t\t\t\t\t<span class=\"elementor-button-content-wrapper\">\n\t\t\t\t\t\t\t\t\t<span class=\"elementor-button-text\">All Services &amp; Prices<\/span>\n\t\t\t\t\t<\/span>\n\t\t\t\t\t<\/a>\n\t\t\t\t<\/div>\n\t\t\t\t\t\t\t\t<\/div>\n\t\t\t\t<\/div>\n\t\t\t\t\t<\/div>\n\t\t\t\t<\/div>\n\t\t\t\t<\/div>","protected":false},"excerpt":{"rendered":"<p>Kad\u0131n Sa\u00e7 B\u00f6l\u00fcm\u00fc Sa\u00e7 Kesim 800 TL Sa\u00e7 Boyama \/ A\u00e7ma 4000 TL Keratin Bak\u0131m 2000 TL Ombre 5000 &#8211; 6000 TL Topuz 900 TL Ma\u015fa 900 TL F\u00f6n 400 TL Kirpik Takma 400 TL Kal\u0131c\u0131 Oje 500 TL \u00d6zel Majyaj 2500 TL T\u00fcm Hizmetler &#038; Fiyatlar Erkek Sa\u00e7 B\u00f6l\u00fcm\u00fc Sa\u00e7 Bak\u0131m\u0131 1000 TL Sa\u00e7 [&hellip;]<\/p>","protected":false},"author":1,"featured_media":0,"parent":0,"menu_order":0,"comment_status":"closed","ping_status":"closed","template":"elementor_header_footer","meta":{"footnotes":""},"class_list":["post-7001","page","type-page","status-publish","hentry"],"_links":{"self":[{"href":"https:\/\/affectionhairsalon.com\/en\/wp-json\/wp\/v2\/pages\/7001","targetHints":{"allow":["GET"]}}],"collection":[{"href":"https:\/\/affectionhairsalon.com\/en\/wp-json\/wp\/v2\/pages"}],"about":[{"href":"https:\/\/affectionhairsalon.com\/en\/wp-json\/wp\/v2\/types\/page"}],"author":[{"embeddable":true,"href":"https:\/\/affectionhairsalon.com\/en\/wp-json\/wp\/v2\/users\/1"}],"replies":[{"embeddable":true,"href":"https:\/\/affectionhairsalon.com\/en\/wp-json\/wp\/v2\/comments?post=7001"}],"version-history":[{"count":0,"href":"https:\/\/affectionhairsalon.com\/en\/wp-json\/wp\/v2\/pages\/7001\/revisions"}],"wp:attachment":[{"href":"https:\/\/affectionhairsalon.com\/en\/wp-json\/wp\/v2\/media?parent=7001"}],"curies":[{"name":"wp","href":"https:\/\/api.w.org\/{rel}","templated":true}]}}