{"id":8633,"date":"2024-12-06T14:39:01","date_gmt":"2024-12-06T11:39:01","guid":{"rendered":"https:\/\/affectionhairsalon.com\/?page_id=8633"},"modified":"2025-02-25T11:47:57","modified_gmt":"2025-02-25T08:47:57","slug":"kerastase","status":"publish","type":"page","link":"https:\/\/affectionhairsalon.com\/en\/kerastase\/","title":{"rendered":"Kerastase"},"content":{"rendered":"<div data-elementor-type=\"wp-page\" data-elementor-id=\"8633\" class=\"elementor elementor-8633\">\n\t\t\t\t\t\t<section class=\"elementor-section elementor-top-section elementor-element elementor-element-ea8acd7 elementor-reverse-tablet elementor-reverse-mobile elementor-section-boxed elementor-section-height-default elementor-section-height-default\" data-id=\"ea8acd7\" data-element_type=\"section\">\n\t\t\t\t\t\t<div class=\"elementor-container elementor-column-gap-default\">\n\t\t\t\t\t<div class=\"elementor-column elementor-col-50 elementor-top-column elementor-element elementor-element-c347cdf elementor-invisible\" data-id=\"c347cdf\" data-element_type=\"column\" data-settings=\"{&quot;animation&quot;:&quot;ova-move-down&quot;,&quot;animation_tablet&quot;:&quot;none&quot;}\">\n\t\t\t<div class=\"elementor-widget-wrap elementor-element-populated\">\n\t\t\t\t\t\t<div class=\"elementor-element elementor-element-5a6f44e elementor-widget elementor-widget-heading\" data-id=\"5a6f44e\" data-element_type=\"widget\" data-widget_type=\"heading.default\">\n\t\t\t\t<div class=\"elementor-widget-container\">\n\t\t\t\t\t<h2 class=\"elementor-heading-title elementor-size-default\">Kerastase in our salon\n\n\n\n\n\n\n\n\n\n\n\n<\/h2>\t\t\t\t<\/div>\n\t\t\t\t<\/div>\n\t\t\t\t<div class=\"elementor-element elementor-element-4b5a613 elementor-widget elementor-widget-text-editor\" data-id=\"4b5a613\" data-element_type=\"widget\" data-widget_type=\"text-editor.default\">\n\t\t\t\t<div class=\"elementor-widget-container\">\n\t\t\t\t\t\t\t\t\tWe give your hair a special touch with Kerastase products in our salon. We show your hair the care it deserves by using Kerastase products, one of the world&#039;s leading hair care brands, in the coloring, care and styling processes. Let your hair have a healthy and eye-catching look!\n\n\n\n\n\n\n\t\t\t\t\t\t\t\t<\/div>\n\t\t\t\t<\/div>\n\t\t\t\t<div class=\"elementor-element elementor-element-5beb2ad elementor-icon-list--layout-traditional elementor-list-item-link-full_width elementor-widget elementor-widget-icon-list\" data-id=\"5beb2ad\" data-element_type=\"widget\" data-widget_type=\"icon-list.default\">\n\t\t\t\t<div class=\"elementor-widget-container\">\n\t\t\t\t\t\t\t<ul class=\"elementor-icon-list-items\">\n\t\t\t\t\t\t\t<li class=\"elementor-icon-list-item\">\n\t\t\t\t\t\t\t\t\t\t\t<span class=\"elementor-icon-list-icon\">\n\t\t\t\t\t\t\t<svg aria-hidden=\"true\" class=\"e-font-icon-svg e-fas-check-circle\" viewbox=\"0 0 512 512\" xmlns=\"http:\/\/www.w3.org\/2000\/svg\"><path d=\"M504 256c0 136.967-111.033 248-248 248S8 392.967 8 256 119.033 8 256 8s248 111.033 248 248zM227.314 387.314l184-184c6.248-6.248 6.248-16.379 0-22.627l-22.627-22.627c-6.248-6.249-16.379-6.249-22.628 0L216 308.118l-70.059-70.059c-6.248-6.248-16.379-6.248-22.628 0l-22.627 22.627c-6.248 6.248-6.248 16.379 0 22.627l104 104c6.249 6.249 16.379 6.249 22.628.001z\"><\/path><\/svg>\t\t\t\t\t\t<\/span>\n\t\t\t\t\t\t\t\t\t\t<span class=\"elementor-icon-list-text\">Professional Care<\/span>\n\t\t\t\t\t\t\t\t\t<\/li>\n\t\t\t\t\t\t\t\t<li class=\"elementor-icon-list-item\">\n\t\t\t\t\t\t\t\t\t\t\t<span class=\"elementor-icon-list-icon\">\n\t\t\t\t\t\t\t<svg aria-hidden=\"true\" class=\"e-font-icon-svg e-fas-check-circle\" viewbox=\"0 0 512 512\" xmlns=\"http:\/\/www.w3.org\/2000\/svg\"><path d=\"M504 256c0 136.967-111.033 248-248 248S8 392.967 8 256 119.033 8 256 8s248 111.033 248 248zM227.314 387.314l184-184c6.248-6.248 6.248-16.379 0-22.627l-22.627-22.627c-6.248-6.249-16.379-6.249-22.628 0L216 308.118l-70.059-70.059c-6.248-6.248-16.379-6.248-22.628 0l-22.627 22.627c-6.248 6.248-6.248 16.379 0 22.627l104 104c6.249 6.249 16.379 6.249 22.628.001z\"><\/path><\/svg>\t\t\t\t\t\t<\/span>\n\t\t\t\t\t\t\t\t\t\t<span class=\"elementor-icon-list-text\">Coloring Support<\/span>\n\t\t\t\t\t\t\t\t\t<\/li>\n\t\t\t\t\t\t\t\t<li class=\"elementor-icon-list-item\">\n\t\t\t\t\t\t\t\t\t\t\t<span class=\"elementor-icon-list-icon\">\n\t\t\t\t\t\t\t<svg aria-hidden=\"true\" class=\"e-font-icon-svg e-fas-check-circle\" viewbox=\"0 0 512 512\" xmlns=\"http:\/\/www.w3.org\/2000\/svg\"><path d=\"M504 256c0 136.967-111.033 248-248 248S8 392.967 8 256 119.033 8 256 8s248 111.033 248 248zM227.314 387.314l184-184c6.248-6.248 6.248-16.379 0-22.627l-22.627-22.627c-6.248-6.249-16.379-6.249-22.628 0L216 308.118l-70.059-70.059c-6.248-6.248-16.379-6.248-22.628 0l-22.627 22.627c-6.248 6.248-6.248 16.379 0 22.627l104 104c6.249 6.249 16.379 6.249 22.628.001z\"><\/path><\/svg>\t\t\t\t\t\t<\/span>\n\t\t\t\t\t\t\t\t\t\t<span class=\"elementor-icon-list-text\">Hair Styling<\/span>\n\t\t\t\t\t\t\t\t\t<\/li>\n\t\t\t\t\t\t\t\t<li class=\"elementor-icon-list-item\">\n\t\t\t\t\t\t\t\t\t\t\t<span class=\"elementor-icon-list-icon\">\n\t\t\t\t\t\t\t<svg aria-hidden=\"true\" class=\"e-font-icon-svg e-fas-check-circle\" viewbox=\"0 0 512 512\" xmlns=\"http:\/\/www.w3.org\/2000\/svg\"><path d=\"M504 256c0 136.967-111.033 248-248 248S8 392.967 8 256 119.033 8 256 8s248 111.033 248 248zM227.314 387.314l184-184c6.248-6.248 6.248-16.379 0-22.627l-22.627-22.627c-6.248-6.249-16.379-6.249-22.628 0L216 308.118l-70.059-70.059c-6.248-6.248-16.379-6.248-22.628 0l-22.627 22.627c-6.248 6.248-6.248 16.379 0 22.627l104 104c6.249 6.249 16.379 6.249 22.628.001z\"><\/path><\/svg>\t\t\t\t\t\t<\/span>\n\t\t\t\t\t\t\t\t\t\t<span class=\"elementor-icon-list-text\">Deep Moisturizing<\/span>\n\t\t\t\t\t\t\t\t\t<\/li>\n\t\t\t\t\t\t\t\t<li class=\"elementor-icon-list-item\">\n\t\t\t\t\t\t\t\t\t\t\t<span class=\"elementor-icon-list-icon\">\n\t\t\t\t\t\t\t<svg aria-hidden=\"true\" class=\"e-font-icon-svg e-fas-check-circle\" viewbox=\"0 0 512 512\" xmlns=\"http:\/\/www.w3.org\/2000\/svg\"><path d=\"M504 256c0 136.967-111.033 248-248 248S8 392.967 8 256 119.033 8 256 8s248 111.033 248 248zM227.314 387.314l184-184c6.248-6.248 6.248-16.379 0-22.627l-22.627-22.627c-6.248-6.249-16.379-6.249-22.628 0L216 308.118l-70.059-70.059c-6.248-6.248-16.379-6.248-22.628 0l-22.627 22.627c-6.248 6.248-6.248 16.379 0 22.627l104 104c6.249 6.249 16.379 6.249 22.628.001z\"><\/path><\/svg>\t\t\t\t\t\t<\/span>\n\t\t\t\t\t\t\t\t\t\t<span class=\"elementor-icon-list-text\">Personalized Solutions<\/span>\n\t\t\t\t\t\t\t\t\t<\/li>\n\t\t\t\t\t\t<\/ul>\n\t\t\t\t\t\t<\/div>\n\t\t\t\t<\/div>\n\t\t\t\t\t<\/div>\n\t\t<\/div>\n\t\t\t\t<div class=\"elementor-column elementor-col-50 elementor-top-column elementor-element elementor-element-ae51cbf elementor-invisible\" data-id=\"ae51cbf\" data-element_type=\"column\" data-settings=\"{&quot;animation&quot;:&quot;ova-move-down&quot;,&quot;animation_tablet&quot;:&quot;none&quot;}\">\n\t\t\t<div class=\"elementor-widget-wrap elementor-element-populated\">\n\t\t\t\t\t\t<div class=\"elementor-element elementor-element-dcc5165 elementor-widget elementor-widget-image\" data-id=\"dcc5165\" data-element_type=\"widget\" data-widget_type=\"image.default\">\n\t\t\t\t<div class=\"elementor-widget-container\">\n\t\t\t\t\t\t\t\t\t\t\t\t\t\t\t<img fetchpriority=\"high\" decoding=\"async\" width=\"750\" height=\"550\" src=\"https:\/\/affectionhairsalon.com\/wp-content\/uploads\/2024\/12\/kerastase-2.png\" class=\"attachment-full size-full wp-image-8636\" alt=\"Kerastase\" srcset=\"https:\/\/affectionhairsalon.com\/wp-content\/uploads\/2024\/12\/kerastase-2.png 750w, https:\/\/affectionhairsalon.com\/wp-content\/uploads\/2024\/12\/kerastase-2-300x220.png 300w, https:\/\/affectionhairsalon.com\/wp-content\/uploads\/2024\/12\/kerastase-2-16x12.png 16w, https:\/\/affectionhairsalon.com\/wp-content\/uploads\/2024\/12\/kerastase-2-600x440.png 600w\" sizes=\"(max-width: 750px) 100vw, 750px\" title=\"\">\t\t\t\t\t\t\t\t\t\t\t\t\t\t\t<\/div>\n\t\t\t\t<\/div>\n\t\t\t\t\t<\/div>\n\t\t<\/div>\n\t\t\t\t\t<\/div>\n\t\t<\/section>\n\t\t\t\t<section class=\"elementor-section elementor-top-section elementor-element elementor-element-074ea5b elementor-reverse-tablet elementor-reverse-mobile elementor-section-boxed elementor-section-height-default elementor-section-height-default\" data-id=\"074ea5b\" data-element_type=\"section\">\n\t\t\t\t\t\t<div class=\"elementor-container elementor-column-gap-default\">\n\t\t\t\t\t<div class=\"elementor-column elementor-col-50 elementor-top-column elementor-element elementor-element-07159d7 elementor-invisible\" data-id=\"07159d7\" data-element_type=\"column\" data-settings=\"{&quot;animation&quot;:&quot;ova-move-down&quot;,&quot;animation_tablet&quot;:&quot;none&quot;}\">\n\t\t\t<div class=\"elementor-widget-wrap elementor-element-populated\">\n\t\t\t\t\t\t<div class=\"elementor-element elementor-element-41fdc0e elementor-widget elementor-widget-image\" data-id=\"41fdc0e\" data-element_type=\"widget\" data-widget_type=\"image.default\">\n\t\t\t\t<div class=\"elementor-widget-container\">\n\t\t\t\t\t\t\t\t\t\t\t\t\t\t\t<img decoding=\"async\" width=\"750\" height=\"550\" src=\"https:\/\/affectionhairsalon.com\/wp-content\/uploads\/2024\/12\/kerastase-3.png\" class=\"attachment-full size-full wp-image-8637\" alt=\"\" srcset=\"https:\/\/affectionhairsalon.com\/wp-content\/uploads\/2024\/12\/kerastase-3.png 750w, https:\/\/affectionhairsalon.com\/wp-content\/uploads\/2024\/12\/kerastase-3-300x220.png 300w, https:\/\/affectionhairsalon.com\/wp-content\/uploads\/2024\/12\/kerastase-3-16x12.png 16w, https:\/\/affectionhairsalon.com\/wp-content\/uploads\/2024\/12\/kerastase-3-600x440.png 600w\" sizes=\"(max-width: 750px) 100vw, 750px\" title=\"\">\t\t\t\t\t\t\t\t\t\t\t\t\t\t\t<\/div>\n\t\t\t\t<\/div>\n\t\t\t\t\t<\/div>\n\t\t<\/div>\n\t\t\t\t<div class=\"elementor-column elementor-col-50 elementor-top-column elementor-element elementor-element-7f86ecb elementor-invisible\" data-id=\"7f86ecb\" data-element_type=\"column\" data-settings=\"{&quot;animation&quot;:&quot;ova-move-down&quot;,&quot;animation_tablet&quot;:&quot;none&quot;}\">\n\t\t\t<div class=\"elementor-widget-wrap elementor-element-populated\">\n\t\t\t\t\t\t<div class=\"elementor-element elementor-element-14d9d4d elementor-widget elementor-widget-heading\" data-id=\"14d9d4d\" data-element_type=\"widget\" data-widget_type=\"heading.default\">\n\t\t\t\t<div class=\"elementor-widget-container\">\n\t\t\t\t\t<h3 class=\"elementor-heading-title elementor-size-default\">Revolution in Hair Care with Kerastase\n\n\n\n\n\n\n\n\n\n\n<\/h3>\t\t\t\t<\/div>\n\t\t\t\t<\/div>\n\t\t\t\t<div class=\"elementor-element elementor-element-8a531fc elementor-widget elementor-widget-text-editor\" data-id=\"8a531fc\" data-element_type=\"widget\" data-widget_type=\"text-editor.default\">\n\t\t\t\t<div class=\"elementor-widget-container\">\n\t\t\t\t\t\t\t\t\tKerastase offers a revolution for your hair with its innovative formulas and professional approaches in hair care. Drawing attention with its special solutions for every hair type, Kerastase helps you achieve a healthy, strong and shiny appearance by supporting the natural structure of the hair. Products produced with advanced technology deeply nourish the hair strands while also providing protection against external factors.\n\n\t\t\t\t\t\t\t\t<\/div>\n\t\t\t\t<\/div>\n\t\t\t\t<div class=\"elementor-element elementor-element-409a6ae elementor-widget elementor-widget-text-editor\" data-id=\"409a6ae\" data-element_type=\"widget\" data-widget_type=\"text-editor.default\">\n\t\t\t\t<div class=\"elementor-widget-container\">\n\t\t\t\t\t\t\t\t\t<p>Kerastase offers luxurious care for your hair with its superior performance in coloring, moisturizing and repairing care.\u00a0<\/p>\t\t\t\t\t\t\t\t<\/div>\n\t\t\t\t<\/div>\n\t\t\t\t\t<\/div>\n\t\t<\/div>\n\t\t\t\t\t<\/div>\n\t\t<\/section>\n\t\t\t\t<\/div>","protected":false},"excerpt":{"rendered":"<p>Salonumuzda Kerastase Salonumuzda Kerastase \u00fcr\u00fcnleriyle sa\u00e7lar\u0131n\u0131za \u00f6zel bir dokunu\u015f yap\u0131yoruz. Renklendirme, bak\u0131m ve \u015fekillendirme s\u00fcre\u00e7lerinde d\u00fcnyan\u0131n \u00f6nde gelen sa\u00e7 bak\u0131m markalar\u0131ndan Kerastase&#8217;nin \u00fcr\u00fcnlerini kullanarak sa\u00e7lar\u0131n\u0131za hak etti\u011fi \u00f6zeni g\u00f6steriyoruz. Sa\u00e7lar\u0131n\u0131z hem sa\u011fl\u0131kl\u0131 hem de g\u00f6z al\u0131c\u0131 bir g\u00f6r\u00fcn\u00fcme kavu\u015fsun! Profesyonel Bak\u0131m Renklendirme Deste\u011fi Sa\u00e7 \u015eekillendirme Derinlemesine Nemlendirme Ki\u015fiselle\u015ftirilmi\u015f \u00c7\u00f6z\u00fcmler Kerastase ile Sa\u00e7 Bak\u0131m\u0131nda Devrim Kerastase, [&hellip;]<\/p>","protected":false},"author":1,"featured_media":0,"parent":0,"menu_order":0,"comment_status":"closed","ping_status":"closed","template":"","meta":{"footnotes":""},"class_list":["post-8633","page","type-page","status-publish","hentry"],"_links":{"self":[{"href":"https:\/\/affectionhairsalon.com\/en\/wp-json\/wp\/v2\/pages\/8633","targetHints":{"allow":["GET"]}}],"collection":[{"href":"https:\/\/affectionhairsalon.com\/en\/wp-json\/wp\/v2\/pages"}],"about":[{"href":"https:\/\/affectionhairsalon.com\/en\/wp-json\/wp\/v2\/types\/page"}],"author":[{"embeddable":true,"href":"https:\/\/affectionhairsalon.com\/en\/wp-json\/wp\/v2\/users\/1"}],"replies":[{"embeddable":true,"href":"https:\/\/affectionhairsalon.com\/en\/wp-json\/wp\/v2\/comments?post=8633"}],"version-history":[{"count":0,"href":"https:\/\/affectionhairsalon.com\/en\/wp-json\/wp\/v2\/pages\/8633\/revisions"}],"wp:attachment":[{"href":"https:\/\/affectionhairsalon.com\/en\/wp-json\/wp\/v2\/media?parent=8633"}],"curies":[{"name":"wp","href":"https:\/\/api.w.org\/{rel}","templated":true}]}}